{"id":67,"date":"2013-12-17T13:08:39","date_gmt":"2013-12-17T13:08:39","guid":{"rendered":"http:\/\/vistadovale.com.br\/pousada\/?page_id=67"},"modified":"2015-11-06T00:02:22","modified_gmt":"2015-11-06T00:02:22","slug":"traslados","status":"publish","type":"page","link":"https:\/\/vistadovale.com.br\/pousada\/index.php\/servicos-de-turimo\/traslados\/","title":{"rendered":"Traslados"},"content":{"rendered":"<figure id=\"attachment_576\" aria-describedby=\"caption-attachment-576\" style=\"width: 150px\" class=\"wp-caption alignleft\"><a href=\"http:\/\/vistadovale.com.br\/pousada\/wp-content\/uploads\/2013\/12\/van.jpg\" data-rel=\"lightbox-image-0\" data-rl_title=\"\" data-rl_caption=\"\" title=\"\"><img loading=\"lazy\" decoding=\"async\" class=\"size-thumbnail wp-image-576\" src=\"http:\/\/vistadovale.com.br\/pousada\/wp-content\/uploads\/2013\/12\/van-150x150.jpg\" alt=\"Van Pousada\" width=\"150\" height=\"150\" \/><\/a><figcaption id=\"caption-attachment-576\" class=\"wp-caption-text\">Van Pousada<\/figcaption><\/figure>\n<p>A Pousada Vista do Vale possui van pr\u00f3pria para utiliza\u00e7\u00e3o em traslados e transporte de h\u00f3spedes dentro da Cidade de Petr\u00f3polis e Rio de Janeiro.<br \/>\nConhe\u00e7a abaixo a nossa tabela de servi\u00e7os de traslados em nossa van.<\/p>\n<p>Em cortesia, h\u00e1 a possibilidade de \u00a0traslados\u00a0<span style=\"line-height: 1.5em;\">do terminal de Itaipava at\u00e9 a pousada\u00a0<\/span><span style=\"line-height: 1.5em;\">para nossos h\u00f3spedes que venham sem ve\u00edculo pr\u00f3prio. Consulte-nos sobre disponibilidade conforme agendamento, caso deseje utilizar nosso servi\u00e7o de traslado: <a title=\"pousada@vistadovale.com.br\" href=\"mailto:pousada@vistadovale.com.br\" target=\"_blank\">pousada@vistadovale.com.br<\/a>\u00a0<\/span><\/p>\n<hr \/>\n<table border=\"0\" width=\"100%\" cellspacing=\"0\" cellpadding=\"0\">\n<tbody>\n<tr>\n<td width=\"75%\"><\/td>\n<td width=\"25%\"><\/td>\n<\/tr>\n<tr>\n<td><strong>Tarifas de Traslado em Van pr\u00f3pria da Pousada (R$) <\/strong><\/td>\n<td>\n<div align=\"right\"><strong>Van<\/strong><\/div>\n<\/td>\n<\/tr>\n<tr>\n<td>Aeroporto do Rio &#8211; Pousada &#8211; Aeroporto<\/td>\n<td>\n<div align=\"right\">400,00<\/div>\n<\/td>\n<\/tr>\n<tr>\n<td>Pousada &#8211; Centro Hist\u00f3rico de Petr\u00f3polis<\/td>\n<td>\n<div align=\"right\">50,00<\/div>\n<\/td>\n<\/tr>\n<tr>\n<td>Pousada &#8211; Centro de Itaipava<\/td>\n<td>\n<div align=\"right\">20,00<\/div>\n<\/td>\n<\/tr>\n<tr>\n<td>Pousada &#8211; Rodovi\u00e1ria de Petr\u00f3polis<\/td>\n<td>\n<div align=\"right\">40,00<\/div>\n<\/td>\n<\/tr>\n<\/tbody>\n<\/table>\n","protected":false},"excerpt":{"rendered":"<p>A Pousada Vista do Vale possui van pr\u00f3pria para utiliza\u00e7\u00e3o em traslados e transporte de h\u00f3spedes dentro da Cidade de Petr\u00f3polis e Rio de Janeiro. Conhe\u00e7a abaixo a nossa tabela de servi\u00e7os de traslados em nossa van. Em cortesia, h\u00e1&hellip;&nbsp;<a href=\"https:\/\/vistadovale.com.br\/pousada\/index.php\/servicos-de-turimo\/traslados\/\" class=\"more-link\">Saiba Mais<\/a><\/p>\n","protected":false},"author":1,"featured_media":0,"parent":61,"menu_order":0,"comment_status":"closed","ping_status":"closed","template":"","meta":{"footnotes":"","_links_to":"","_links_to_target":""},"class_list":["post-67","page","type-page","status-publish","hentry"],"yoast_head":"<!-- This site is optimized with the Yoast SEO plugin v26.9 - https:\/\/yoast.com\/product\/yoast-seo-wordpress\/ -->\n<title>Traslados - Pousada em Itaipava Vista do Vale, Petr\u00f3polis<\/title>\n<meta name=\"robots\" content=\"index, follow, max-snippet:-1, max-image-preview:large, max-video-preview:-1\" \/>\n<link rel=\"canonical\" href=\"https:\/\/vistadovale.com.br\/pousada\/index.php\/servicos-de-turimo\/traslados\/\" \/>\n<meta property=\"og:locale\" content=\"pt_BR\" \/>\n<meta property=\"og:type\" content=\"article\" \/>\n<meta property=\"og:title\" content=\"Traslados - Pousada em Itaipava Vista do Vale, Petr\u00f3polis\" \/>\n<meta property=\"og:description\" content=\"A Pousada Vista do Vale possui van pr\u00f3pria para utiliza\u00e7\u00e3o em traslados e transporte de h\u00f3spedes dentro da Cidade de Petr\u00f3polis e Rio de Janeiro. Conhe\u00e7a abaixo a nossa tabela de servi\u00e7os de traslados em nossa van. Em cortesia, h\u00e1&hellip;&nbsp;Saiba Mais\" \/>\n<meta property=\"og:url\" content=\"https:\/\/vistadovale.com.br\/pousada\/index.php\/servicos-de-turimo\/traslados\/\" \/>\n<meta property=\"og:site_name\" content=\"Pousada em Itaipava Vista do Vale, Petr\u00f3polis\" \/>\n<meta property=\"article:publisher\" content=\"https:\/\/www.facebook.com\/vistadovale\" \/>\n<meta property=\"article:modified_time\" content=\"2015-11-06T00:02:22+00:00\" \/>\n<meta property=\"og:image\" content=\"http:\/\/vistadovale.com.br\/pousada\/wp-content\/uploads\/2013\/12\/van-150x150.jpg\" \/>\n<meta name=\"twitter:label1\" content=\"Est. tempo de leitura\" \/>\n\t<meta name=\"twitter:data1\" content=\"1 minuto\" \/>\n<script type=\"application\/ld+json\" class=\"yoast-schema-graph\">{\"@context\":\"https:\/\/schema.org\",\"@graph\":[{\"@type\":\"WebPage\",\"@id\":\"https:\/\/vistadovale.com.br\/pousada\/index.php\/servicos-de-turimo\/traslados\/\",\"url\":\"https:\/\/vistadovale.com.br\/pousada\/index.php\/servicos-de-turimo\/traslados\/\",\"name\":\"Traslados - Pousada em Itaipava Vista do Vale, Petr\u00f3polis\",\"isPartOf\":{\"@id\":\"https:\/\/vistadovale.com.br\/pousada\/#website\"},\"primaryImageOfPage\":{\"@id\":\"https:\/\/vistadovale.com.br\/pousada\/index.php\/servicos-de-turimo\/traslados\/#primaryimage\"},\"image\":{\"@id\":\"https:\/\/vistadovale.com.br\/pousada\/index.php\/servicos-de-turimo\/traslados\/#primaryimage\"},\"thumbnailUrl\":\"http:\/\/vistadovale.com.br\/pousada\/wp-content\/uploads\/2013\/12\/van-150x150.jpg\",\"datePublished\":\"2013-12-17T13:08:39+00:00\",\"dateModified\":\"2015-11-06T00:02:22+00:00\",\"breadcrumb\":{\"@id\":\"https:\/\/vistadovale.com.br\/pousada\/index.php\/servicos-de-turimo\/traslados\/#breadcrumb\"},\"inLanguage\":\"pt-BR\",\"potentialAction\":[{\"@type\":\"ReadAction\",\"target\":[\"https:\/\/vistadovale.com.br\/pousada\/index.php\/servicos-de-turimo\/traslados\/\"]}]},{\"@type\":\"ImageObject\",\"inLanguage\":\"pt-BR\",\"@id\":\"https:\/\/vistadovale.com.br\/pousada\/index.php\/servicos-de-turimo\/traslados\/#primaryimage\",\"url\":\"http:\/\/vistadovale.com.br\/pousada\/wp-content\/uploads\/2013\/12\/van-150x150.jpg\",\"contentUrl\":\"http:\/\/vistadovale.com.br\/pousada\/wp-content\/uploads\/2013\/12\/van-150x150.jpg\"},{\"@type\":\"BreadcrumbList\",\"@id\":\"https:\/\/vistadovale.com.br\/pousada\/index.php\/servicos-de-turimo\/traslados\/#breadcrumb\",\"itemListElement\":[{\"@type\":\"ListItem\",\"position\":1,\"name\":\"Turismo de Experi\u00eancias\",\"item\":\"https:\/\/vistadovale.com.br\/pousada\/index.php\/servicos-de-turimo\/\"},{\"@type\":\"ListItem\",\"position\":2,\"name\":\"Traslados\"}]},{\"@type\":\"WebSite\",\"@id\":\"https:\/\/vistadovale.com.br\/pousada\/#website\",\"url\":\"https:\/\/vistadovale.com.br\/pousada\/\",\"name\":\"Pousada em Itaipava Vista do Vale, Petr\u00f3polis\",\"description\":\"Chal\u00e9s em Itaipava Pousada Vista do Vale\",\"publisher\":{\"@id\":\"https:\/\/vistadovale.com.br\/pousada\/#organization\"},\"potentialAction\":[{\"@type\":\"SearchAction\",\"target\":{\"@type\":\"EntryPoint\",\"urlTemplate\":\"https:\/\/vistadovale.com.br\/pousada\/?s={search_term_string}\"},\"query-input\":{\"@type\":\"PropertyValueSpecification\",\"valueRequired\":true,\"valueName\":\"search_term_string\"}}],\"inLanguage\":\"pt-BR\"},{\"@type\":\"Organization\",\"@id\":\"https:\/\/vistadovale.com.br\/pousada\/#organization\",\"name\":\"Pousada em Itaipava Vista do Vale, Petr\u00f3polis\",\"url\":\"https:\/\/vistadovale.com.br\/pousada\/\",\"logo\":{\"@type\":\"ImageObject\",\"inLanguage\":\"pt-BR\",\"@id\":\"https:\/\/vistadovale.com.br\/pousada\/#\/schema\/logo\/image\/\",\"url\":\"https:\/\/vistadovale.com.br\/pousada\/wp-content\/uploads\/2015\/11\/cropped-pousada_itaipava.png\",\"contentUrl\":\"https:\/\/vistadovale.com.br\/pousada\/wp-content\/uploads\/2015\/11\/cropped-pousada_itaipava.png\",\"width\":149,\"height\":100,\"caption\":\"Pousada em Itaipava Vista do Vale, Petr\u00f3polis\"},\"image\":{\"@id\":\"https:\/\/vistadovale.com.br\/pousada\/#\/schema\/logo\/image\/\"},\"sameAs\":[\"https:\/\/www.facebook.com\/vistadovale\"]}]}<\/script>\n<!-- \/ Yoast SEO plugin. -->","yoast_head_json":{"title":"Traslados - Pousada em Itaipava Vista do Vale, Petr\u00f3polis","robots":{"index":"index","follow":"follow","max-snippet":"max-snippet:-1","max-image-preview":"max-image-preview:large","max-video-preview":"max-video-preview:-1"},"canonical":"https:\/\/vistadovale.com.br\/pousada\/index.php\/servicos-de-turimo\/traslados\/","og_locale":"pt_BR","og_type":"article","og_title":"Traslados - Pousada em Itaipava Vista do Vale, Petr\u00f3polis","og_description":"A Pousada Vista do Vale possui van pr\u00f3pria para utiliza\u00e7\u00e3o em traslados e transporte de h\u00f3spedes dentro da Cidade de Petr\u00f3polis e Rio de Janeiro. Conhe\u00e7a abaixo a nossa tabela de servi\u00e7os de traslados em nossa van. Em cortesia, h\u00e1&hellip;&nbsp;Saiba Mais","og_url":"https:\/\/vistadovale.com.br\/pousada\/index.php\/servicos-de-turimo\/traslados\/","og_site_name":"Pousada em Itaipava Vista do Vale, Petr\u00f3polis","article_publisher":"https:\/\/www.facebook.com\/vistadovale","article_modified_time":"2015-11-06T00:02:22+00:00","og_image":[{"url":"http:\/\/vistadovale.com.br\/pousada\/wp-content\/uploads\/2013\/12\/van-150x150.jpg","type":"","width":"","height":""}],"twitter_misc":{"Est. tempo de leitura":"1 minuto"},"schema":{"@context":"https:\/\/schema.org","@graph":[{"@type":"WebPage","@id":"https:\/\/vistadovale.com.br\/pousada\/index.php\/servicos-de-turimo\/traslados\/","url":"https:\/\/vistadovale.com.br\/pousada\/index.php\/servicos-de-turimo\/traslados\/","name":"Traslados - Pousada em Itaipava Vista do Vale, Petr\u00f3polis","isPartOf":{"@id":"https:\/\/vistadovale.com.br\/pousada\/#website"},"primaryImageOfPage":{"@id":"https:\/\/vistadovale.com.br\/pousada\/index.php\/servicos-de-turimo\/traslados\/#primaryimage"},"image":{"@id":"https:\/\/vistadovale.com.br\/pousada\/index.php\/servicos-de-turimo\/traslados\/#primaryimage"},"thumbnailUrl":"http:\/\/vistadovale.com.br\/pousada\/wp-content\/uploads\/2013\/12\/van-150x150.jpg","datePublished":"2013-12-17T13:08:39+00:00","dateModified":"2015-11-06T00:02:22+00:00","breadcrumb":{"@id":"https:\/\/vistadovale.com.br\/pousada\/index.php\/servicos-de-turimo\/traslados\/#breadcrumb"},"inLanguage":"pt-BR","potentialAction":[{"@type":"ReadAction","target":["https:\/\/vistadovale.com.br\/pousada\/index.php\/servicos-de-turimo\/traslados\/"]}]},{"@type":"ImageObject","inLanguage":"pt-BR","@id":"https:\/\/vistadovale.com.br\/pousada\/index.php\/servicos-de-turimo\/traslados\/#primaryimage","url":"http:\/\/vistadovale.com.br\/pousada\/wp-content\/uploads\/2013\/12\/van-150x150.jpg","contentUrl":"http:\/\/vistadovale.com.br\/pousada\/wp-content\/uploads\/2013\/12\/van-150x150.jpg"},{"@type":"BreadcrumbList","@id":"https:\/\/vistadovale.com.br\/pousada\/index.php\/servicos-de-turimo\/traslados\/#breadcrumb","itemListElement":[{"@type":"ListItem","position":1,"name":"Turismo de Experi\u00eancias","item":"https:\/\/vistadovale.com.br\/pousada\/index.php\/servicos-de-turimo\/"},{"@type":"ListItem","position":2,"name":"Traslados"}]},{"@type":"WebSite","@id":"https:\/\/vistadovale.com.br\/pousada\/#website","url":"https:\/\/vistadovale.com.br\/pousada\/","name":"Pousada em Itaipava Vista do Vale, Petr\u00f3polis","description":"Chal\u00e9s em Itaipava Pousada Vista do Vale","publisher":{"@id":"https:\/\/vistadovale.com.br\/pousada\/#organization"},"potentialAction":[{"@type":"SearchAction","target":{"@type":"EntryPoint","urlTemplate":"https:\/\/vistadovale.com.br\/pousada\/?s={search_term_string}"},"query-input":{"@type":"PropertyValueSpecification","valueRequired":true,"valueName":"search_term_string"}}],"inLanguage":"pt-BR"},{"@type":"Organization","@id":"https:\/\/vistadovale.com.br\/pousada\/#organization","name":"Pousada em Itaipava Vista do Vale, Petr\u00f3polis","url":"https:\/\/vistadovale.com.br\/pousada\/","logo":{"@type":"ImageObject","inLanguage":"pt-BR","@id":"https:\/\/vistadovale.com.br\/pousada\/#\/schema\/logo\/image\/","url":"https:\/\/vistadovale.com.br\/pousada\/wp-content\/uploads\/2015\/11\/cropped-pousada_itaipava.png","contentUrl":"https:\/\/vistadovale.com.br\/pousada\/wp-content\/uploads\/2015\/11\/cropped-pousada_itaipava.png","width":149,"height":100,"caption":"Pousada em Itaipava Vista do Vale, Petr\u00f3polis"},"image":{"@id":"https:\/\/vistadovale.com.br\/pousada\/#\/schema\/logo\/image\/"},"sameAs":["https:\/\/www.facebook.com\/vistadovale"]}]}},"_links":{"self":[{"href":"https:\/\/vistadovale.com.br\/pousada\/index.php\/wp-json\/wp\/v2\/pages\/67","targetHints":{"allow":["GET"]}}],"collection":[{"href":"https:\/\/vistadovale.com.br\/pousada\/index.php\/wp-json\/wp\/v2\/pages"}],"about":[{"href":"https:\/\/vistadovale.com.br\/pousada\/index.php\/wp-json\/wp\/v2\/types\/page"}],"author":[{"embeddable":true,"href":"https:\/\/vistadovale.com.br\/pousada\/index.php\/wp-json\/wp\/v2\/users\/1"}],"replies":[{"embeddable":true,"href":"https:\/\/vistadovale.com.br\/pousada\/index.php\/wp-json\/wp\/v2\/comments?post=67"}],"version-history":[{"count":9,"href":"https:\/\/vistadovale.com.br\/pousada\/index.php\/wp-json\/wp\/v2\/pages\/67\/revisions"}],"predecessor-version":[{"id":1124,"href":"https:\/\/vistadovale.com.br\/pousada\/index.php\/wp-json\/wp\/v2\/pages\/67\/revisions\/1124"}],"up":[{"embeddable":true,"href":"https:\/\/vistadovale.com.br\/pousada\/index.php\/wp-json\/wp\/v2\/pages\/61"}],"wp:attachment":[{"href":"https:\/\/vistadovale.com.br\/pousada\/index.php\/wp-json\/wp\/v2\/media?parent=67"}],"curies":[{"name":"wp","href":"https:\/\/api.w.org\/{rel}","templated":true}]}}