{"id":364,"date":"2013-12-26T19:33:58","date_gmt":"2013-12-26T19:33:58","guid":{"rendered":"http:\/\/vistadovale.com.br\/pousada\/?page_id=364"},"modified":"2019-07-24T16:26:43","modified_gmt":"2019-07-24T16:26:43","slug":"serra-da-capivara","status":"publish","type":"page","link":"https:\/\/vistadovale.com.br\/pousada\/index.php\/acomodacoes\/serra-da-capivara\/","title":{"rendered":"Serra da Capivara"},"content":{"rendered":"<p>Conforto e privacidade s\u00e3o as caracter\u00edsticas do <strong>Chal\u00e9 Serra da Capivara<\/strong> localizado sob frondosos angelins brancos, equipado com:<\/p>\n<div class=\"su-table su-table-alternate\">\n<table>\n<tbody>\n<tr>\n<td>Sala de banho com teto panor\u00e2mico e Hidromassagem casal<\/td>\n<\/tr>\n<tr>\n<td>Tv com canais sky completos<\/td>\n<\/tr>\n<tr>\n<td>Ar condicionado quente e frio<\/td>\n<\/tr>\n<tr>\n<td>Lareira<\/td>\n<\/tr>\n<tr>\n<td>Minibar com produtos da regi\u00e3o<\/td>\n<\/tr>\n<\/tbody>\n<\/table>\n<\/div>\n<p><strong>Clique nas fotos do Chal\u00e9 Serra da Capivara para ampliar:<\/strong><br \/>\n<div class=\"rl-gallery-container rl-loading\" id=\"rl-gallery-container-1\" data-gallery_id=\"1764\"> <div class=\"rl-gallery rl-basicmasonry-gallery rl-hover-effect-2 rl-hover-icon-2\" id=\"rl-gallery-1\" data-gallery_no=\"1\"> <div class=\"rl-gutter-sizer\"><\/div><div class=\"rl-grid-sizer\"><\/div> <div class=\"rl-gallery-item rl-gallery-item-width-4\" > <div class=\"rl-gallery-item-content\"> <a href=\"https:\/\/vistadovale.com.br\/pousada\/wp-content\/uploads\/2013\/12\/MG_7029.jpg\" title=\"\" data-rl_title=\"\" class=\"rl-gallery-link\" data-rl_caption=\"\" data-rel=\"lightbox-gallery-1\"><img loading=\"lazy\" decoding=\"async\" src=\"https:\/\/vistadovale.com.br\/pousada\/wp-content\/uploads\/2013\/12\/MG_7029.jpg\" width=\"360\" height=\"240\" alt=\"Pousada Itaipava, RJ, Chal\u00e9 Serra da Capivara\"\/><\/a> <\/div> <\/div> <div class=\"rl-gallery-item\" > <div class=\"rl-gallery-item-content\"> <a href=\"https:\/\/vistadovale.com.br\/pousada\/wp-content\/uploads\/2013\/12\/MG_7273.jpg\" title=\"\" data-rl_title=\"\" class=\"rl-gallery-link\" data-rl_caption=\"\" data-rel=\"lightbox-gallery-1\"><img loading=\"lazy\" decoding=\"async\" src=\"https:\/\/vistadovale.com.br\/pousada\/wp-content\/uploads\/2013\/12\/MG_7273.jpg\" width=\"180\" height=\"270\" alt=\"Pousada Itaipava, RJ, Chal\u00e9 Serra da Capivara\"\/><\/a> <\/div> <\/div> <div class=\"rl-gallery-item\" > <div class=\"rl-gallery-item-content\"> <a href=\"https:\/\/vistadovale.com.br\/pousada\/wp-content\/uploads\/2013\/12\/MG_7026.jpg\" title=\"\" data-rl_title=\"\" class=\"rl-gallery-link\" data-rl_caption=\"\" data-rel=\"lightbox-gallery-1\"><img loading=\"lazy\" decoding=\"async\" src=\"https:\/\/vistadovale.com.br\/pousada\/wp-content\/uploads\/2013\/12\/MG_7026.jpg\" width=\"180\" height=\"270\" alt=\"Pousada Itaipava, RJ, Chal\u00e9 Serra da Capivara\"\/><\/a> <\/div> <\/div> <div class=\"rl-gallery-item\" > <div class=\"rl-gallery-item-content\"> <a href=\"https:\/\/vistadovale.com.br\/pousada\/wp-content\/uploads\/2013\/12\/MG_7039.jpg\" title=\"\" data-rl_title=\"\" class=\"rl-gallery-link\" data-rl_caption=\"\" data-rel=\"lightbox-gallery-1\"><img loading=\"lazy\" decoding=\"async\" src=\"https:\/\/vistadovale.com.br\/pousada\/wp-content\/uploads\/2013\/12\/MG_7039.jpg\" width=\"360\" height=\"240\" alt=\"Pousada Itaipava, RJ, Chal\u00e9 Serra da Capivara\"\/><\/a> <\/div> <\/div> <div class=\"rl-gallery-item\" > <div class=\"rl-gallery-item-content\"> <a href=\"https:\/\/vistadovale.com.br\/pousada\/wp-content\/uploads\/2013\/12\/MG_7078.jpg\" title=\"\" data-rl_title=\"\" class=\"rl-gallery-link\" data-rl_caption=\"\" data-rel=\"lightbox-gallery-1\"><img loading=\"lazy\" decoding=\"async\" src=\"https:\/\/vistadovale.com.br\/pousada\/wp-content\/uploads\/2013\/12\/MG_7078.jpg\" width=\"360\" height=\"240\" alt=\"Pousada Itaipava, RJ, Chal\u00e9 Serra da Capivara\"\/><\/a> <\/div> <\/div> <div class=\"rl-gallery-item\" > <div class=\"rl-gallery-item-content\"> <a href=\"https:\/\/vistadovale.com.br\/pousada\/wp-content\/uploads\/2013\/12\/1200.jpg\" title=\"\" data-rl_title=\"\" class=\"rl-gallery-link\" data-rl_caption=\"\" data-rel=\"lightbox-gallery-1\"><img loading=\"lazy\" decoding=\"async\" src=\"https:\/\/vistadovale.com.br\/pousada\/wp-content\/uploads\/2013\/12\/1200.jpg\" width=\"360\" height=\"240\" alt=\"Pousada Itaipava, RJ, Chal\u00e9 Serra da Capivara\"\/><\/a> <\/div> <\/div> <div class=\"rl-gallery-item\" > <div class=\"rl-gallery-item-content\"> <a href=\"https:\/\/vistadovale.com.br\/pousada\/wp-content\/uploads\/2013\/12\/MG_7037.jpg\" title=\"\" data-rl_title=\"\" class=\"rl-gallery-link\" data-rl_caption=\"\" data-rel=\"lightbox-gallery-1\"><img loading=\"lazy\" decoding=\"async\" src=\"https:\/\/vistadovale.com.br\/pousada\/wp-content\/uploads\/2013\/12\/MG_7037.jpg\" width=\"360\" height=\"240\" alt=\"Pousada Itaipava, RJ, Chal\u00e9 Serra da Capivara\"\/><\/a> <\/div> <\/div> <div class=\"rl-gallery-item\" > <div class=\"rl-gallery-item-content\"> <a href=\"https:\/\/vistadovale.com.br\/pousada\/wp-content\/uploads\/2013\/12\/MG_0268.jpg\" title=\"\" data-rl_title=\"\" class=\"rl-gallery-link\" data-rl_caption=\"\" data-rel=\"lightbox-gallery-1\"><img loading=\"lazy\" decoding=\"async\" src=\"https:\/\/vistadovale.com.br\/pousada\/wp-content\/uploads\/2013\/12\/MG_0268.jpg\" width=\"180\" height=\"270\" alt=\"Pousada Itaipava, RJ, Chal\u00e9 Serra da Capivara\"\/><\/a> <\/div> <\/div> <div class=\"rl-gallery-item\" > <div class=\"rl-gallery-item-content\"> <a href=\"https:\/\/vistadovale.com.br\/pousada\/wp-content\/uploads\/2013\/12\/MG_7051.jpg\" title=\"\" data-rl_title=\"\" class=\"rl-gallery-link\" data-rl_caption=\"\" data-rel=\"lightbox-gallery-1\"><img loading=\"lazy\" decoding=\"async\" src=\"https:\/\/vistadovale.com.br\/pousada\/wp-content\/uploads\/2013\/12\/MG_7051.jpg\" width=\"360\" height=\"240\" alt=\"Pousada Itaipava, RJ, Chal\u00e9 Serra da Capivara\"\/><\/a> <\/div> <\/div> <div class=\"rl-gallery-item\" > <div class=\"rl-gallery-item-content\"> <a href=\"https:\/\/vistadovale.com.br\/pousada\/wp-content\/uploads\/2013\/12\/MG_7065.jpg\" title=\"\" data-rl_title=\"\" class=\"rl-gallery-link\" data-rl_caption=\"\" data-rel=\"lightbox-gallery-1\"><img loading=\"lazy\" decoding=\"async\" src=\"https:\/\/vistadovale.com.br\/pousada\/wp-content\/uploads\/2013\/12\/MG_7065.jpg\" width=\"360\" height=\"240\" alt=\"Pousada Itaipava, RJ, Chal\u00e9 Serra da Capivara\"\/><\/a> <\/div> <\/div> <div class=\"rl-gallery-item\" > <div class=\"rl-gallery-item-content\"> <a href=\"https:\/\/vistadovale.com.br\/pousada\/wp-content\/uploads\/2013\/12\/MG_7060.jpg\" title=\"\" data-rl_title=\"\" class=\"rl-gallery-link\" data-rl_caption=\"\" data-rel=\"lightbox-gallery-1\"><img loading=\"lazy\" decoding=\"async\" src=\"https:\/\/vistadovale.com.br\/pousada\/wp-content\/uploads\/2013\/12\/MG_7060.jpg\" width=\"360\" height=\"240\" alt=\"Pousada Itaipava, RJ, Chal\u00e9 Serra da Capivara\"\/><\/a> <\/div> <\/div> <div class=\"rl-gallery-item\" > <div class=\"rl-gallery-item-content\"> <a href=\"https:\/\/vistadovale.com.br\/pousada\/wp-content\/uploads\/2013\/12\/MG_7054.jpg\" title=\"\" data-rl_title=\"\" class=\"rl-gallery-link\" data-rl_caption=\"\" data-rel=\"lightbox-gallery-1\"><img loading=\"lazy\" decoding=\"async\" src=\"https:\/\/vistadovale.com.br\/pousada\/wp-content\/uploads\/2013\/12\/MG_7054.jpg\" width=\"360\" height=\"240\" alt=\"Pousada Itaipava, RJ, Chal\u00e9 Serra da Capivara\"\/><\/a> <\/div> <\/div> <div class=\"rl-gallery-item\" > <div class=\"rl-gallery-item-content\"> <a href=\"https:\/\/vistadovale.com.br\/pousada\/wp-content\/uploads\/2013\/12\/MG_7048.jpg\" title=\"\" data-rl_title=\"\" class=\"rl-gallery-link\" data-rl_caption=\"\" data-rel=\"lightbox-gallery-1\"><img loading=\"lazy\" decoding=\"async\" src=\"https:\/\/vistadovale.com.br\/pousada\/wp-content\/uploads\/2013\/12\/MG_7048.jpg\" width=\"360\" height=\"240\" alt=\"Pousada Itaipava, RJ, Chal\u00e9 Serra da Capivara\"\/><\/a> <\/div> <\/div> <div class=\"rl-gallery-item\" > <div class=\"rl-gallery-item-content\"> <a href=\"https:\/\/vistadovale.com.br\/pousada\/wp-content\/uploads\/2013\/12\/MG_7045.jpg\" title=\"\" data-rl_title=\"\" class=\"rl-gallery-link\" data-rl_caption=\"\" data-rel=\"lightbox-gallery-1\"><img loading=\"lazy\" decoding=\"async\" src=\"https:\/\/vistadovale.com.br\/pousada\/wp-content\/uploads\/2013\/12\/MG_7045.jpg\" width=\"360\" height=\"240\" alt=\"Pousada Itaipava, RJ, Chal\u00e9 Serra da Capivara\"\/><\/a> <\/div> <\/div> <div class=\"rl-gallery-item\" > <div class=\"rl-gallery-item-content\"> <a href=\"https:\/\/vistadovale.com.br\/pousada\/wp-content\/uploads\/2013\/12\/MG_7285-HDR.jpg\" title=\"\" data-rl_title=\"\" class=\"rl-gallery-link\" data-rl_caption=\"\" data-rel=\"lightbox-gallery-1\"><img loading=\"lazy\" decoding=\"async\" src=\"https:\/\/vistadovale.com.br\/pousada\/wp-content\/uploads\/2013\/12\/MG_7285-HDR.jpg\" width=\"360\" height=\"240\" alt=\"Pousada Itaipava, RJ, Chal\u00e9 Serra da Capivara\"\/><\/a> <\/div> <\/div> <div class=\"rl-gallery-item\" > <div class=\"rl-gallery-item-content\"> <a href=\"https:\/\/vistadovale.com.br\/pousada\/wp-content\/uploads\/2013\/12\/MG_7280.jpg\" title=\"\" data-rl_title=\"\" class=\"rl-gallery-link\" data-rl_caption=\"\" data-rel=\"lightbox-gallery-1\"><img loading=\"lazy\" decoding=\"async\" src=\"https:\/\/vistadovale.com.br\/pousada\/wp-content\/uploads\/2013\/12\/MG_7280.jpg\" width=\"180\" height=\"270\" alt=\"Pousada Itaipava, RJ, Chal\u00e9 Serra da Capivara\"\/><\/a> <\/div> <\/div> <div class=\"rl-gallery-item\" > <div class=\"rl-gallery-item-content\"> <a href=\"https:\/\/vistadovale.com.br\/pousada\/wp-content\/uploads\/2013\/12\/MG_0421.jpg\" title=\"\" data-rl_title=\"\" class=\"rl-gallery-link\" data-rl_caption=\"\" data-rel=\"lightbox-gallery-1\"><img loading=\"lazy\" decoding=\"async\" src=\"https:\/\/vistadovale.com.br\/pousada\/wp-content\/uploads\/2013\/12\/MG_0421.jpg\" width=\"360\" height=\"240\" alt=\"Pousada Itaipava, RJ, Chal\u00e9 Serra da Capivara\"\/><\/a> <\/div> <\/div> <div class=\"rl-gallery-item\" > <div class=\"rl-gallery-item-content\"> <a href=\"https:\/\/vistadovale.com.br\/pousada\/wp-content\/uploads\/2013\/12\/MG_7278.jpg\" title=\"\" data-rl_title=\"\" class=\"rl-gallery-link\" data-rl_caption=\"\" data-rel=\"lightbox-gallery-1\"><img loading=\"lazy\" decoding=\"async\" src=\"https:\/\/vistadovale.com.br\/pousada\/wp-content\/uploads\/2013\/12\/MG_7278.jpg\" width=\"180\" height=\"270\" alt=\"Pousada Itaipava, RJ, Chal\u00e9 Serra da Capivara\"\/><\/a> <\/div> <\/div> <div class=\"rl-gallery-item\" > <div class=\"rl-gallery-item-content\"> <a href=\"https:\/\/vistadovale.com.br\/pousada\/wp-content\/uploads\/2013\/12\/MG_0282.jpg\" title=\"\" data-rl_title=\"\" class=\"rl-gallery-link\" data-rl_caption=\"\" data-rel=\"lightbox-gallery-1\"><img loading=\"lazy\" decoding=\"async\" src=\"https:\/\/vistadovale.com.br\/pousada\/wp-content\/uploads\/2013\/12\/MG_0282.jpg\" width=\"180\" height=\"270\" alt=\"\"\/><\/a> <\/div> <\/div> <\/div> <\/div>\n<hr \/>\n<p><span style=\"line-height: 1.5em;\">Ver tamb\u00e9m:\u00a0<a title=\"Chale Alto Para\u00edso\" href=\"http:\/\/vistadovale.com.br\/pousada\/index.php\/acomodacoes\/chale-alto-paraiso\/\" target=\"_blank\" rel=\"noopener noreferrer\">Chal\u00e9 Alto Para\u00edso<\/a>\u00a0| <a title=\"Chapada Diamantina\" href=\"http:\/\/vistadovale.com.br\/pousada\/index.php\/acomodacoes\/chale-chapada-diamantina\/\" target=\"_blank\" rel=\"noopener noreferrer\">Chal\u00e9 Chapada Diamantina<\/a>\u00a0| <a title=\"Bonito\" href=\"http:\/\/vistadovale.com.br\/pousada\/index.php\/acomodacoes\/bonito\/\" target=\"_blank\" rel=\"noopener noreferrer\">Chal\u00e9 \u00a0Bonito<\/a> | <a title=\"Itacar\u00e9\" href=\"http:\/\/vistadovale.com.br\/pousada\/index.php\/acomodacoes\/itacare\/\" target=\"_blank\" rel=\"noopener noreferrer\">Chal\u00e9 Itacar\u00e9<\/a> | <a title=\"Cafezal\" href=\"http:\/\/vistadovale.com.br\/pousada\/index.php\/acomodacoes\/cafezal\/\" target=\"_blank\" rel=\"noopener noreferrer\">Su\u00edte Cafezal<\/a><\/span><\/p>\n","protected":false},"excerpt":{"rendered":"<p>Conforto e privacidade s\u00e3o as caracter\u00edsticas do Chal\u00e9 Serra da Capivara localizado sob frondosos angelins brancos, equipado com: Clique nas fotos do Chal\u00e9 Serra da Capivara para ampliar: Ver tamb\u00e9m:\u00a0Chal\u00e9 Alto Para\u00edso\u00a0| Chal\u00e9 Chapada Diamantina\u00a0| Chal\u00e9 \u00a0Bonito | Chal\u00e9 Itacar\u00e9&hellip;&nbsp;<a href=\"https:\/\/vistadovale.com.br\/pousada\/index.php\/acomodacoes\/serra-da-capivara\/\" class=\"more-link\">Saiba Mais<\/a><\/p>\n","protected":false},"author":1,"featured_media":1278,"parent":18,"menu_order":4,"comment_status":"open","ping_status":"open","template":"","meta":{"footnotes":"","_links_to":"","_links_to_target":""},"class_list":["post-364","page","type-page","status-publish","has-post-thumbnail","hentry"],"yoast_head":"<!-- This site is optimized with the Yoast SEO plugin v26.9 - https:\/\/yoast.com\/product\/yoast-seo-wordpress\/ -->\n<title>Serra da Capivara - Pousada em Itaipava Vista do Vale, Petr\u00f3polis<\/title>\n<meta name=\"robots\" content=\"index, follow, max-snippet:-1, max-image-preview:large, max-video-preview:-1\" \/>\n<link rel=\"canonical\" href=\"https:\/\/vistadovale.com.br\/pousada\/index.php\/acomodacoes\/serra-da-capivara\/\" \/>\n<meta property=\"og:locale\" content=\"pt_BR\" \/>\n<meta property=\"og:type\" content=\"article\" \/>\n<meta property=\"og:title\" content=\"Serra da Capivara - Pousada em Itaipava Vista do Vale, Petr\u00f3polis\" \/>\n<meta property=\"og:description\" content=\"Conforto e privacidade s\u00e3o as caracter\u00edsticas do Chal\u00e9 Serra da Capivara localizado sob frondosos angelins brancos, equipado com: Clique nas fotos do Chal\u00e9 Serra da Capivara para ampliar: Ver tamb\u00e9m:\u00a0Chal\u00e9 Alto Para\u00edso\u00a0| Chal\u00e9 Chapada Diamantina\u00a0| Chal\u00e9 \u00a0Bonito | Chal\u00e9 Itacar\u00e9&hellip;&nbsp;Saiba Mais\" \/>\n<meta property=\"og:url\" content=\"https:\/\/vistadovale.com.br\/pousada\/index.php\/acomodacoes\/serra-da-capivara\/\" \/>\n<meta property=\"og:site_name\" content=\"Pousada em Itaipava Vista do Vale, Petr\u00f3polis\" \/>\n<meta property=\"article:publisher\" content=\"https:\/\/www.facebook.com\/vistadovale\" \/>\n<meta property=\"article:modified_time\" content=\"2019-07-24T16:26:43+00:00\" \/>\n<meta property=\"og:image\" content=\"https:\/\/vistadovale.com.br\/pousada\/wp-content\/uploads\/2013\/12\/MG_7054.jpg\" \/>\n\t<meta property=\"og:image:width\" content=\"1200\" \/>\n\t<meta property=\"og:image:height\" content=\"800\" \/>\n\t<meta property=\"og:image:type\" content=\"image\/jpeg\" \/>\n<script type=\"application\/ld+json\" class=\"yoast-schema-graph\">{\"@context\":\"https:\/\/schema.org\",\"@graph\":[{\"@type\":\"WebPage\",\"@id\":\"https:\/\/vistadovale.com.br\/pousada\/index.php\/acomodacoes\/serra-da-capivara\/\",\"url\":\"https:\/\/vistadovale.com.br\/pousada\/index.php\/acomodacoes\/serra-da-capivara\/\",\"name\":\"Serra da Capivara - Pousada em Itaipava Vista do Vale, Petr\u00f3polis\",\"isPartOf\":{\"@id\":\"https:\/\/vistadovale.com.br\/pousada\/#website\"},\"primaryImageOfPage\":{\"@id\":\"https:\/\/vistadovale.com.br\/pousada\/index.php\/acomodacoes\/serra-da-capivara\/#primaryimage\"},\"image\":{\"@id\":\"https:\/\/vistadovale.com.br\/pousada\/index.php\/acomodacoes\/serra-da-capivara\/#primaryimage\"},\"thumbnailUrl\":\"https:\/\/vistadovale.com.br\/pousada\/wp-content\/uploads\/2013\/12\/MG_7054.jpg\",\"datePublished\":\"2013-12-26T19:33:58+00:00\",\"dateModified\":\"2019-07-24T16:26:43+00:00\",\"breadcrumb\":{\"@id\":\"https:\/\/vistadovale.com.br\/pousada\/index.php\/acomodacoes\/serra-da-capivara\/#breadcrumb\"},\"inLanguage\":\"pt-BR\",\"potentialAction\":[{\"@type\":\"ReadAction\",\"target\":[\"https:\/\/vistadovale.com.br\/pousada\/index.php\/acomodacoes\/serra-da-capivara\/\"]}]},{\"@type\":\"ImageObject\",\"inLanguage\":\"pt-BR\",\"@id\":\"https:\/\/vistadovale.com.br\/pousada\/index.php\/acomodacoes\/serra-da-capivara\/#primaryimage\",\"url\":\"https:\/\/vistadovale.com.br\/pousada\/wp-content\/uploads\/2013\/12\/MG_7054.jpg\",\"contentUrl\":\"https:\/\/vistadovale.com.br\/pousada\/wp-content\/uploads\/2013\/12\/MG_7054.jpg\",\"width\":1200,\"height\":800,\"caption\":\"Chal\u00e9 S. da Capivara\"},{\"@type\":\"BreadcrumbList\",\"@id\":\"https:\/\/vistadovale.com.br\/pousada\/index.php\/acomodacoes\/serra-da-capivara\/#breadcrumb\",\"itemListElement\":[{\"@type\":\"ListItem\",\"position\":1,\"name\":\"Nossos Chal\u00e9s\",\"item\":\"https:\/\/vistadovale.com.br\/pousada\/index.php\/acomodacoes\/\"},{\"@type\":\"ListItem\",\"position\":2,\"name\":\"Serra da Capivara\"}]},{\"@type\":\"WebSite\",\"@id\":\"https:\/\/vistadovale.com.br\/pousada\/#website\",\"url\":\"https:\/\/vistadovale.com.br\/pousada\/\",\"name\":\"Pousada em Itaipava Vista do Vale, Petr\u00f3polis\",\"description\":\"Chal\u00e9s em Itaipava Pousada Vista do Vale\",\"publisher\":{\"@id\":\"https:\/\/vistadovale.com.br\/pousada\/#organization\"},\"potentialAction\":[{\"@type\":\"SearchAction\",\"target\":{\"@type\":\"EntryPoint\",\"urlTemplate\":\"https:\/\/vistadovale.com.br\/pousada\/?s={search_term_string}\"},\"query-input\":{\"@type\":\"PropertyValueSpecification\",\"valueRequired\":true,\"valueName\":\"search_term_string\"}}],\"inLanguage\":\"pt-BR\"},{\"@type\":\"Organization\",\"@id\":\"https:\/\/vistadovale.com.br\/pousada\/#organization\",\"name\":\"Pousada em Itaipava Vista do Vale, Petr\u00f3polis\",\"url\":\"https:\/\/vistadovale.com.br\/pousada\/\",\"logo\":{\"@type\":\"ImageObject\",\"inLanguage\":\"pt-BR\",\"@id\":\"https:\/\/vistadovale.com.br\/pousada\/#\/schema\/logo\/image\/\",\"url\":\"https:\/\/vistadovale.com.br\/pousada\/wp-content\/uploads\/2015\/11\/cropped-pousada_itaipava.png\",\"contentUrl\":\"https:\/\/vistadovale.com.br\/pousada\/wp-content\/uploads\/2015\/11\/cropped-pousada_itaipava.png\",\"width\":149,\"height\":100,\"caption\":\"Pousada em Itaipava Vista do Vale, Petr\u00f3polis\"},\"image\":{\"@id\":\"https:\/\/vistadovale.com.br\/pousada\/#\/schema\/logo\/image\/\"},\"sameAs\":[\"https:\/\/www.facebook.com\/vistadovale\"]}]}<\/script>\n<!-- \/ Yoast SEO plugin. -->","yoast_head_json":{"title":"Serra da Capivara - Pousada em Itaipava Vista do Vale, Petr\u00f3polis","robots":{"index":"index","follow":"follow","max-snippet":"max-snippet:-1","max-image-preview":"max-image-preview:large","max-video-preview":"max-video-preview:-1"},"canonical":"https:\/\/vistadovale.com.br\/pousada\/index.php\/acomodacoes\/serra-da-capivara\/","og_locale":"pt_BR","og_type":"article","og_title":"Serra da Capivara - Pousada em Itaipava Vista do Vale, Petr\u00f3polis","og_description":"Conforto e privacidade s\u00e3o as caracter\u00edsticas do Chal\u00e9 Serra da Capivara localizado sob frondosos angelins brancos, equipado com: Clique nas fotos do Chal\u00e9 Serra da Capivara para ampliar: Ver tamb\u00e9m:\u00a0Chal\u00e9 Alto Para\u00edso\u00a0| Chal\u00e9 Chapada Diamantina\u00a0| Chal\u00e9 \u00a0Bonito | Chal\u00e9 Itacar\u00e9&hellip;&nbsp;Saiba Mais","og_url":"https:\/\/vistadovale.com.br\/pousada\/index.php\/acomodacoes\/serra-da-capivara\/","og_site_name":"Pousada em Itaipava Vista do Vale, Petr\u00f3polis","article_publisher":"https:\/\/www.facebook.com\/vistadovale","article_modified_time":"2019-07-24T16:26:43+00:00","og_image":[{"width":1200,"height":800,"url":"https:\/\/vistadovale.com.br\/pousada\/wp-content\/uploads\/2013\/12\/MG_7054.jpg","type":"image\/jpeg"}],"schema":{"@context":"https:\/\/schema.org","@graph":[{"@type":"WebPage","@id":"https:\/\/vistadovale.com.br\/pousada\/index.php\/acomodacoes\/serra-da-capivara\/","url":"https:\/\/vistadovale.com.br\/pousada\/index.php\/acomodacoes\/serra-da-capivara\/","name":"Serra da Capivara - Pousada em Itaipava Vista do Vale, Petr\u00f3polis","isPartOf":{"@id":"https:\/\/vistadovale.com.br\/pousada\/#website"},"primaryImageOfPage":{"@id":"https:\/\/vistadovale.com.br\/pousada\/index.php\/acomodacoes\/serra-da-capivara\/#primaryimage"},"image":{"@id":"https:\/\/vistadovale.com.br\/pousada\/index.php\/acomodacoes\/serra-da-capivara\/#primaryimage"},"thumbnailUrl":"https:\/\/vistadovale.com.br\/pousada\/wp-content\/uploads\/2013\/12\/MG_7054.jpg","datePublished":"2013-12-26T19:33:58+00:00","dateModified":"2019-07-24T16:26:43+00:00","breadcrumb":{"@id":"https:\/\/vistadovale.com.br\/pousada\/index.php\/acomodacoes\/serra-da-capivara\/#breadcrumb"},"inLanguage":"pt-BR","potentialAction":[{"@type":"ReadAction","target":["https:\/\/vistadovale.com.br\/pousada\/index.php\/acomodacoes\/serra-da-capivara\/"]}]},{"@type":"ImageObject","inLanguage":"pt-BR","@id":"https:\/\/vistadovale.com.br\/pousada\/index.php\/acomodacoes\/serra-da-capivara\/#primaryimage","url":"https:\/\/vistadovale.com.br\/pousada\/wp-content\/uploads\/2013\/12\/MG_7054.jpg","contentUrl":"https:\/\/vistadovale.com.br\/pousada\/wp-content\/uploads\/2013\/12\/MG_7054.jpg","width":1200,"height":800,"caption":"Chal\u00e9 S. da Capivara"},{"@type":"BreadcrumbList","@id":"https:\/\/vistadovale.com.br\/pousada\/index.php\/acomodacoes\/serra-da-capivara\/#breadcrumb","itemListElement":[{"@type":"ListItem","position":1,"name":"Nossos Chal\u00e9s","item":"https:\/\/vistadovale.com.br\/pousada\/index.php\/acomodacoes\/"},{"@type":"ListItem","position":2,"name":"Serra da Capivara"}]},{"@type":"WebSite","@id":"https:\/\/vistadovale.com.br\/pousada\/#website","url":"https:\/\/vistadovale.com.br\/pousada\/","name":"Pousada em Itaipava Vista do Vale, Petr\u00f3polis","description":"Chal\u00e9s em Itaipava Pousada Vista do Vale","publisher":{"@id":"https:\/\/vistadovale.com.br\/pousada\/#organization"},"potentialAction":[{"@type":"SearchAction","target":{"@type":"EntryPoint","urlTemplate":"https:\/\/vistadovale.com.br\/pousada\/?s={search_term_string}"},"query-input":{"@type":"PropertyValueSpecification","valueRequired":true,"valueName":"search_term_string"}}],"inLanguage":"pt-BR"},{"@type":"Organization","@id":"https:\/\/vistadovale.com.br\/pousada\/#organization","name":"Pousada em Itaipava Vista do Vale, Petr\u00f3polis","url":"https:\/\/vistadovale.com.br\/pousada\/","logo":{"@type":"ImageObject","inLanguage":"pt-BR","@id":"https:\/\/vistadovale.com.br\/pousada\/#\/schema\/logo\/image\/","url":"https:\/\/vistadovale.com.br\/pousada\/wp-content\/uploads\/2015\/11\/cropped-pousada_itaipava.png","contentUrl":"https:\/\/vistadovale.com.br\/pousada\/wp-content\/uploads\/2015\/11\/cropped-pousada_itaipava.png","width":149,"height":100,"caption":"Pousada em Itaipava Vista do Vale, Petr\u00f3polis"},"image":{"@id":"https:\/\/vistadovale.com.br\/pousada\/#\/schema\/logo\/image\/"},"sameAs":["https:\/\/www.facebook.com\/vistadovale"]}]}},"_links":{"self":[{"href":"https:\/\/vistadovale.com.br\/pousada\/index.php\/wp-json\/wp\/v2\/pages\/364","targetHints":{"allow":["GET"]}}],"collection":[{"href":"https:\/\/vistadovale.com.br\/pousada\/index.php\/wp-json\/wp\/v2\/pages"}],"about":[{"href":"https:\/\/vistadovale.com.br\/pousada\/index.php\/wp-json\/wp\/v2\/types\/page"}],"author":[{"embeddable":true,"href":"https:\/\/vistadovale.com.br\/pousada\/index.php\/wp-json\/wp\/v2\/users\/1"}],"replies":[{"embeddable":true,"href":"https:\/\/vistadovale.com.br\/pousada\/index.php\/wp-json\/wp\/v2\/comments?post=364"}],"version-history":[{"count":16,"href":"https:\/\/vistadovale.com.br\/pousada\/index.php\/wp-json\/wp\/v2\/pages\/364\/revisions"}],"predecessor-version":[{"id":1766,"href":"https:\/\/vistadovale.com.br\/pousada\/index.php\/wp-json\/wp\/v2\/pages\/364\/revisions\/1766"}],"up":[{"embeddable":true,"href":"https:\/\/vistadovale.com.br\/pousada\/index.php\/wp-json\/wp\/v2\/pages\/18"}],"wp:featuredmedia":[{"embeddable":true,"href":"https:\/\/vistadovale.com.br\/pousada\/index.php\/wp-json\/wp\/v2\/media\/1278"}],"wp:attachment":[{"href":"https:\/\/vistadovale.com.br\/pousada\/index.php\/wp-json\/wp\/v2\/media?parent=364"}],"curies":[{"name":"wp","href":"https:\/\/api.w.org\/{rel}","templated":true}]}}