{"id":1790,"date":"2019-07-23T19:59:02","date_gmt":"2019-07-23T19:59:02","guid":{"rendered":"https:\/\/vistadovale.com.br\/pousada\/?page_id=1790"},"modified":"2025-09-20T18:57:10","modified_gmt":"2025-09-20T18:57:10","slug":"eventos-e-novidades","status":"publish","type":"page","link":"https:\/\/vistadovale.com.br\/pousada\/index.php\/eventos-e-novidades\/","title":{"rendered":"Eventos e Novidades"},"content":{"rendered":"<h5 style=\"text-align: center;\">Conhe\u00e7a nesta pagina os eventos e novidades na Pousada Vista do Vale e na cidade de Petr\u00f3polis e regi\u00e3o de Itaipava! Saiba mais acessando nosso <a href=\"https:\/\/www.instagram.com\/pousadavistadovale\/\" target=\"_blank\" rel=\"noopener noreferrer\">Instagram<\/a> ou <a href=\"https:\/\/www.facebook.com\/vistadovale\" target=\"_blank\" rel=\"noopener noreferrer\">Facebook <\/a>ou atrav\u00e9s de nosso atendimento online no <a href=\"https:\/\/api.whatsapp.com\/send?phone=5524999118327\" target=\"_blank\" rel=\"noopener noreferrer\">Whatsapp<\/a>!<\/h5>\n<p>&nbsp;<\/p>\n<h2 style=\"text-align: center;\">O que fazer em Itaipava em dois dias: passeios, gastronomia e hospedagem na Vista do Vale<\/h2>\n<p><!--more--><\/p>\n<p>Se voc\u00ea est\u00e1 planejando uma escapada r\u00e1pida para a serra carioca, Itaipava \u00e9 o destino ideal. Combinando natureza, boa gastronomia e charme, o distrito de Petr\u00f3polis conquista casais, fam\u00edlias e viajantes que buscam descanso sem abrir m\u00e3o de experi\u00eancias \u00fanicas. Neste artigo, montamos um roteiro de 2 dias em Itaipava com sugest\u00f5es de passeios, restaurantes e claro, a melhor op\u00e7\u00e3o de hospedagem para completar sua viagem.<\/p>\n<h3><strong>Dia 1 \u2013 Chegada e primeira imers\u00e3o na serra<\/strong><\/h3>\n<p>Almo\u00e7o de boas-vindas: comece em um dos restaurantes mais belos da regi\u00e3o, que oferecem uma gastronomia de ponta com frutos do mar, massas, e entradas,<strong> o restaurante nas nuvens<\/strong> com a vista encantadora.<\/p>\n<p>seguindo a estrada o passeio pela Estrada Uni\u00e3o e Ind\u00fastria: aproveite para conhecer lojinhas, antiqu\u00e1rios e o charme do centrinho. E para o fim de tarde tranquilo,\u00a0 curta o p\u00f4r do sol onde\u00a0 vai parecer que voc\u00ea esta na It\u00e1lia no <strong>Borg\u00f4 del Vino<\/strong> localizado na cidade de Areal.<\/p>\n<p>\u00c0 noite, nada melhor do que voltar para a<strong> Vista do Vale<\/strong>, acender a <strong>lareira<\/strong> com um bom <strong>vinho do card\u00e1pio<\/strong> e relaxar em uma hospedagem <strong>aconchegante <\/strong>com quartos aconchegantes e confort\u00e1veis equipados com <strong>ar quente<\/strong>, <strong>aquecedor el\u00e9trico<\/strong> e o <strong>belo teto panor\u00e2mico<\/strong> com vista para a natureza.<\/p>\n<h3><strong>Dia 2 \u2013 Natureza e gastronomia<\/strong><\/h3>\n<p>Come\u00e7ando com o delicioso caf\u00e9 da manha em <strong>estilo colonial\u00a0<\/strong>e em seguida a manh\u00e3 ao ar livre: explore trilhas leves, visite cachoeiras pr\u00f3ximas como a <strong>cachoeira da rocinha\u00a0<\/strong>em secret\u00e1rio ou simplesmente caminhe pelo verde da serra no <strong>Parque Municipal de Itaipava<\/strong>.<\/p>\n<p>O almo\u00e7o especial: a regi\u00e3o \u00e9 famosa por sua gastronomia, com restaurantes premiados que combinam o charme europeu com ingredientes locais e a sugest\u00e3o e o restaurante <strong>parro do Valentim.\u00a0 <\/strong>Aproveite para fazer visita as cervejarias artesanais como a<strong> cervejaria\u00a0 Itaipava<\/strong>\u00a0 e\u00a0 as<strong> vin\u00edcolas de Area<\/strong>l: uma experi\u00eancia que combina com o clima serrano.<\/p>\n<p>Depois de um dia intenso, volte \u00e0 <strong>Pousada Vista do Vale<\/strong>, aproveite a<strong> hidro<\/strong> com vista para a natureza e finalize sua estadia com muito conforto, curtindo o som dos p\u00e1ssaros e suas variedades em volta da natureza, sinta-se renovado com o contato com a natureza da serra.<\/p>\n<h3><strong>Por que escolher a Pousada Vista do Vale?<\/strong><\/h3>\n<ul>\n<li>Localiza\u00e7\u00e3o privilegiada em Itaipava<\/li>\n<li>Quartos aconchegantes com lareira e hidro;<\/li>\n<li>Vista deslumbrante para a serra;<\/li>\n<li>Ambiente intimista, perfeito para casais;<\/li>\n<li>Atendimento personalizado.<\/li>\n<li>\u00c9 a combina\u00e7\u00e3o perfeita para quem deseja descansar depois de explorar todas as maravilhas da regi\u00e3o.<\/li>\n<\/ul>\n<p>&nbsp;<\/p>\n<h4><strong>Conclus\u00e3o<\/strong><\/h4>\n<p>Em apenas 2 dias, \u00e9 poss\u00edvel viver o melhor de Itaipava: natureza, gastronomia e descanso. Para que sua viagem seja completa, escolha a Pousada Vista do Vale, onde cada detalhe \u00e9 pensado para tornar sua experi\u00eancia<\/p>\n\n","protected":false},"excerpt":{"rendered":"<p>Conhe\u00e7a nesta pagina os eventos e novidades na Pousada Vista do Vale e na cidade de Petr\u00f3polis e regi\u00e3o de Itaipava! Saiba mais acessando nosso Instagram ou Facebook ou atrav\u00e9s de nosso atendimento online no Whatsapp! &nbsp; O que fazer&hellip;&nbsp;<a href=\"https:\/\/vistadovale.com.br\/pousada\/index.php\/eventos-e-novidades\/\" class=\"more-link\">Saiba Mais<\/a><\/p>\n","protected":false},"author":1,"featured_media":0,"parent":0,"menu_order":0,"comment_status":"closed","ping_status":"closed","template":"","meta":{"footnotes":"","_links_to":"","_links_to_target":""},"class_list":["post-1790","page","type-page","status-publish","hentry"],"yoast_head":"<!-- This site is optimized with the Yoast SEO plugin v26.9 - https:\/\/yoast.com\/product\/yoast-seo-wordpress\/ -->\n<title>O que fazer em Itaipava - Pousada em Itaipava Vista do Vale, Petr\u00f3polis<\/title>\n<meta name=\"description\" content=\"Descubra o que fazer em Itaipava em dois dias: passeios, gastronomia e hospedagem charmosa na pousada vista do vale, com lareira, hidro dupla e vista para a serra.\" \/>\n<meta name=\"robots\" content=\"index, follow, max-snippet:-1, max-image-preview:large, max-video-preview:-1\" \/>\n<link rel=\"canonical\" href=\"https:\/\/vistadovale.com.br\/pousada\/index.php\/eventos-e-novidades\/\" \/>\n<meta property=\"og:locale\" content=\"pt_BR\" \/>\n<meta property=\"og:type\" content=\"article\" \/>\n<meta property=\"og:title\" content=\"O que fazer em Itaipava - Pousada em Itaipava Vista do Vale, Petr\u00f3polis\" \/>\n<meta property=\"og:description\" content=\"Descubra o que fazer em Itaipava em dois dias: passeios, gastronomia e hospedagem charmosa na pousada vista do vale, com lareira, hidro dupla e vista para a serra.\" \/>\n<meta property=\"og:url\" content=\"https:\/\/vistadovale.com.br\/pousada\/index.php\/eventos-e-novidades\/\" \/>\n<meta property=\"og:site_name\" content=\"Pousada em Itaipava Vista do Vale, Petr\u00f3polis\" \/>\n<meta property=\"article:publisher\" content=\"https:\/\/www.facebook.com\/vistadovale\" \/>\n<meta property=\"article:modified_time\" content=\"2025-09-20T18:57:10+00:00\" \/>\n<meta name=\"twitter:label1\" content=\"Est. tempo de leitura\" \/>\n\t<meta name=\"twitter:data1\" content=\"3 minutos\" \/>\n<script type=\"application\/ld+json\" class=\"yoast-schema-graph\">{\"@context\":\"https:\/\/schema.org\",\"@graph\":[{\"@type\":\"WebPage\",\"@id\":\"https:\/\/vistadovale.com.br\/pousada\/index.php\/eventos-e-novidades\/\",\"url\":\"https:\/\/vistadovale.com.br\/pousada\/index.php\/eventos-e-novidades\/\",\"name\":\"O que fazer em Itaipava - Pousada em Itaipava Vista do Vale, Petr\u00f3polis\",\"isPartOf\":{\"@id\":\"https:\/\/vistadovale.com.br\/pousada\/#website\"},\"datePublished\":\"2019-07-23T19:59:02+00:00\",\"dateModified\":\"2025-09-20T18:57:10+00:00\",\"description\":\"Descubra o que fazer em Itaipava em dois dias: passeios, gastronomia e hospedagem charmosa na pousada vista do vale, com lareira, hidro dupla e vista para a serra.\",\"inLanguage\":\"pt-BR\",\"potentialAction\":[{\"@type\":\"ReadAction\",\"target\":[\"https:\/\/vistadovale.com.br\/pousada\/index.php\/eventos-e-novidades\/\"]}]},{\"@type\":\"WebSite\",\"@id\":\"https:\/\/vistadovale.com.br\/pousada\/#website\",\"url\":\"https:\/\/vistadovale.com.br\/pousada\/\",\"name\":\"Pousada em Itaipava Vista do Vale, Petr\u00f3polis\",\"description\":\"Chal\u00e9s em Itaipava Pousada Vista do Vale\",\"publisher\":{\"@id\":\"https:\/\/vistadovale.com.br\/pousada\/#organization\"},\"potentialAction\":[{\"@type\":\"SearchAction\",\"target\":{\"@type\":\"EntryPoint\",\"urlTemplate\":\"https:\/\/vistadovale.com.br\/pousada\/?s={search_term_string}\"},\"query-input\":{\"@type\":\"PropertyValueSpecification\",\"valueRequired\":true,\"valueName\":\"search_term_string\"}}],\"inLanguage\":\"pt-BR\"},{\"@type\":\"Organization\",\"@id\":\"https:\/\/vistadovale.com.br\/pousada\/#organization\",\"name\":\"Pousada em Itaipava Vista do Vale, Petr\u00f3polis\",\"url\":\"https:\/\/vistadovale.com.br\/pousada\/\",\"logo\":{\"@type\":\"ImageObject\",\"inLanguage\":\"pt-BR\",\"@id\":\"https:\/\/vistadovale.com.br\/pousada\/#\/schema\/logo\/image\/\",\"url\":\"https:\/\/vistadovale.com.br\/pousada\/wp-content\/uploads\/2015\/11\/cropped-pousada_itaipava.png\",\"contentUrl\":\"https:\/\/vistadovale.com.br\/pousada\/wp-content\/uploads\/2015\/11\/cropped-pousada_itaipava.png\",\"width\":149,\"height\":100,\"caption\":\"Pousada em Itaipava Vista do Vale, Petr\u00f3polis\"},\"image\":{\"@id\":\"https:\/\/vistadovale.com.br\/pousada\/#\/schema\/logo\/image\/\"},\"sameAs\":[\"https:\/\/www.facebook.com\/vistadovale\"]}]}<\/script>\n<!-- \/ Yoast SEO plugin. -->","yoast_head_json":{"title":"O que fazer em Itaipava - Pousada em Itaipava Vista do Vale, Petr\u00f3polis","description":"Descubra o que fazer em Itaipava em dois dias: passeios, gastronomia e hospedagem charmosa na pousada vista do vale, com lareira, hidro dupla e vista para a serra.","robots":{"index":"index","follow":"follow","max-snippet":"max-snippet:-1","max-image-preview":"max-image-preview:large","max-video-preview":"max-video-preview:-1"},"canonical":"https:\/\/vistadovale.com.br\/pousada\/index.php\/eventos-e-novidades\/","og_locale":"pt_BR","og_type":"article","og_title":"O que fazer em Itaipava - Pousada em Itaipava Vista do Vale, Petr\u00f3polis","og_description":"Descubra o que fazer em Itaipava em dois dias: passeios, gastronomia e hospedagem charmosa na pousada vista do vale, com lareira, hidro dupla e vista para a serra.","og_url":"https:\/\/vistadovale.com.br\/pousada\/index.php\/eventos-e-novidades\/","og_site_name":"Pousada em Itaipava Vista do Vale, Petr\u00f3polis","article_publisher":"https:\/\/www.facebook.com\/vistadovale","article_modified_time":"2025-09-20T18:57:10+00:00","twitter_misc":{"Est. tempo de leitura":"3 minutos"},"schema":{"@context":"https:\/\/schema.org","@graph":[{"@type":"WebPage","@id":"https:\/\/vistadovale.com.br\/pousada\/index.php\/eventos-e-novidades\/","url":"https:\/\/vistadovale.com.br\/pousada\/index.php\/eventos-e-novidades\/","name":"O que fazer em Itaipava - Pousada em Itaipava Vista do Vale, Petr\u00f3polis","isPartOf":{"@id":"https:\/\/vistadovale.com.br\/pousada\/#website"},"datePublished":"2019-07-23T19:59:02+00:00","dateModified":"2025-09-20T18:57:10+00:00","description":"Descubra o que fazer em Itaipava em dois dias: passeios, gastronomia e hospedagem charmosa na pousada vista do vale, com lareira, hidro dupla e vista para a serra.","inLanguage":"pt-BR","potentialAction":[{"@type":"ReadAction","target":["https:\/\/vistadovale.com.br\/pousada\/index.php\/eventos-e-novidades\/"]}]},{"@type":"WebSite","@id":"https:\/\/vistadovale.com.br\/pousada\/#website","url":"https:\/\/vistadovale.com.br\/pousada\/","name":"Pousada em Itaipava Vista do Vale, Petr\u00f3polis","description":"Chal\u00e9s em Itaipava Pousada Vista do Vale","publisher":{"@id":"https:\/\/vistadovale.com.br\/pousada\/#organization"},"potentialAction":[{"@type":"SearchAction","target":{"@type":"EntryPoint","urlTemplate":"https:\/\/vistadovale.com.br\/pousada\/?s={search_term_string}"},"query-input":{"@type":"PropertyValueSpecification","valueRequired":true,"valueName":"search_term_string"}}],"inLanguage":"pt-BR"},{"@type":"Organization","@id":"https:\/\/vistadovale.com.br\/pousada\/#organization","name":"Pousada em Itaipava Vista do Vale, Petr\u00f3polis","url":"https:\/\/vistadovale.com.br\/pousada\/","logo":{"@type":"ImageObject","inLanguage":"pt-BR","@id":"https:\/\/vistadovale.com.br\/pousada\/#\/schema\/logo\/image\/","url":"https:\/\/vistadovale.com.br\/pousada\/wp-content\/uploads\/2015\/11\/cropped-pousada_itaipava.png","contentUrl":"https:\/\/vistadovale.com.br\/pousada\/wp-content\/uploads\/2015\/11\/cropped-pousada_itaipava.png","width":149,"height":100,"caption":"Pousada em Itaipava Vista do Vale, Petr\u00f3polis"},"image":{"@id":"https:\/\/vistadovale.com.br\/pousada\/#\/schema\/logo\/image\/"},"sameAs":["https:\/\/www.facebook.com\/vistadovale"]}]}},"_links":{"self":[{"href":"https:\/\/vistadovale.com.br\/pousada\/index.php\/wp-json\/wp\/v2\/pages\/1790","targetHints":{"allow":["GET"]}}],"collection":[{"href":"https:\/\/vistadovale.com.br\/pousada\/index.php\/wp-json\/wp\/v2\/pages"}],"about":[{"href":"https:\/\/vistadovale.com.br\/pousada\/index.php\/wp-json\/wp\/v2\/types\/page"}],"author":[{"embeddable":true,"href":"https:\/\/vistadovale.com.br\/pousada\/index.php\/wp-json\/wp\/v2\/users\/1"}],"replies":[{"embeddable":true,"href":"https:\/\/vistadovale.com.br\/pousada\/index.php\/wp-json\/wp\/v2\/comments?post=1790"}],"version-history":[{"count":8,"href":"https:\/\/vistadovale.com.br\/pousada\/index.php\/wp-json\/wp\/v2\/pages\/1790\/revisions"}],"predecessor-version":[{"id":2431,"href":"https:\/\/vistadovale.com.br\/pousada\/index.php\/wp-json\/wp\/v2\/pages\/1790\/revisions\/2431"}],"wp:attachment":[{"href":"https:\/\/vistadovale.com.br\/pousada\/index.php\/wp-json\/wp\/v2\/media?parent=1790"}],"curies":[{"name":"wp","href":"https:\/\/api.w.org\/{rel}","templated":true}]}}